{"id":9130,"date":"2025-10-16T07:42:00","date_gmt":"2025-10-16T05:42:00","guid":{"rendered":"https:\/\/podgorjesg.splet.arnes.si\/?page_id=9130"},"modified":"2025-10-16T08:01:23","modified_gmt":"2025-10-16T06:01:23","slug":"prispevki-za-rap","status":"publish","type":"page","link":"https:\/\/www.ospodgorje.si\/?page_id=9130","title":{"rendered":"Prispevki za RAP"},"content":{"rendered":"\n<p class=\"has-background\" style=\"background-color:#ece8e8;font-style:normal;font-weight:700\"><a href=\"https:\/\/www.ospodgorje.si\/?p=6314\" target=\"_blank\" rel=\"noreferrer noopener\">28.5.2025 &#8211; OTRO\u0160KA FOLKLORNA SKUPINA `TA MLADI PASTIRJI NASTOPILI NA PARADI U\u010cENJA<\/a><\/p>\n\n\n\n<p class=\"has-background\" style=\"background-color:#ece8e8;font-style:normal;font-weight:700\"><a href=\"https:\/\/www.ospodgorje.si\/?p=6251\" target=\"_blank\" rel=\"noreferrer noopener\">22.5.2025 &#8211; MLADI FOLKLORISTI NAVDU\u0160ILI TUDI NA LETO\u0160NJI MUZIKI SKOZI VAS<\/a><\/p>\n\n\n\n<p class=\"has-background\" style=\"background-color:#ece8e8;font-style:normal;font-weight:700\"><a href=\"https:\/\/www.ospodgorje.si\/?p=6257\" target=\"_blank\" rel=\"noreferrer noopener\">20.5.2025 &#8211; SVETOVNI DAN \u010cEBEL OBELE\u017dILI TUDI V RAP-U<\/a><\/p>\n\n\n\n<p class=\"has-background\" style=\"background-color:#ece8e8;font-style:normal;font-weight:700\"><a href=\"https:\/\/www.ospodgorje.si\/?p=6235\" data-type=\"link\" data-id=\"https:\/\/www.ospodgorje.si\/?p=6235\">21.5.2025 &#8211; SAJENJE MEDOVITIH RASTLIN<\/a><\/p>\n\n\n\n<p class=\"has-background\" style=\"background-color:#ece8e8;font-style:normal;font-weight:700\"><a href=\"https:\/\/www.ospodgorje.si\/?p=6177\" data-type=\"link\" data-id=\"https:\/\/www.ospodgorje.si\/?p=6177\">16.5.2025 &#8211; Salzburg<\/a><\/p>\n\n\n\n<p class=\"has-background\" style=\"background-color:#ece8e8;font-style:normal;font-weight:700\"><a href=\"https:\/\/www.ospodgorje.si\/?p=6167\">5.5.2025 &#8211; Razstava otro\u0161ke ustvarjalnosti<\/a><\/p>\n\n\n\n<p class=\"has-background\" style=\"background-color:#ece8e8;font-style:normal;font-weight:700\"><a href=\"https:\/\/www.ospodgorje.si\/?p=5894\" target=\"_blank\" rel=\"noreferrer noopener\">22.3.2025 &#8211; RO\u017dNI SVET<\/a><\/p>\n\n\n\n<p class=\"has-background\" style=\"background-color:#ece8e8;font-style:normal;font-weight:700\"><a href=\"https:\/\/www.ospodgorje.si\/?p=5799\" target=\"_blank\" rel=\"noreferrer noopener\">4.3.2025 &#8211; Ogled tekme<\/a><\/p>\n\n\n\n<p class=\"has-background\" style=\"background-color:#ece8e8;font-style:normal;font-weight:700\"><a href=\"https:\/\/www.ospodgorje.si\/?p=5775\" data-type=\"link\" data-id=\"https:\/\/www.ospodgorje.si\/?p=5775\" target=\"_blank\" rel=\"noreferrer noopener\">26.2.2025 &#8211; V RAP-u SMO OBELE\u017dILI TEDEN PISANJA Z ROKO INSVETOVNI DAN GLASNEGA BRANJA<\/a><\/p>\n\n\n\n<p class=\"has-background\" style=\"background-color:#ebe6e6;font-style:normal;font-weight:700\"><a href=\"https:\/\/www.ospodgorje.si\/?p=5313\" target=\"_blank\" rel=\"noreferrer noopener\">12.12.2024 &#8211; POHOD Z LU\u010cKAMI PO PODGORJU NAVDU\u0160IL IN PRESEGEL PRI\u010cAKOVANJA<\/a><\/p>\n\n\n\n<p><\/p>\n","protected":false},"excerpt":{"rendered":"<p>28.5.2025 &#8211; OTRO\u0160KA FOLKLORNA SKUPINA `TA MLADI PASTIRJI NASTOPILI NA PARADI U\u010cENJA 22.5.2025 &#8211; MLADI FOLKLORISTI NAVDU\u0160ILI TUDI NA LETO\u0160NJI MUZIKI SKOZI VAS 20.5.2025 &#8211; SVETOVNI DAN \u010cEBEL OBELE\u017dILI TUDI V RAP-U 21.5.2025 &#8211;&#46;&#46;&#46;<\/p>\n","protected":false},"author":25249,"featured_media":0,"parent":0,"menu_order":0,"comment_status":"closed","ping_status":"closed","template":"","meta":{"ngg_post_thumbnail":0,"footnotes":""},"class_list":["post-9130","page","type-page","status-publish","hentry"],"_links":{"self":[{"href":"https:\/\/www.ospodgorje.si\/index.php?rest_route=\/wp\/v2\/pages\/9130","targetHints":{"allow":["GET"]}}],"collection":[{"href":"https:\/\/www.ospodgorje.si\/index.php?rest_route=\/wp\/v2\/pages"}],"about":[{"href":"https:\/\/www.ospodgorje.si\/index.php?rest_route=\/wp\/v2\/types\/page"}],"author":[{"embeddable":true,"href":"https:\/\/www.ospodgorje.si\/index.php?rest_route=\/wp\/v2\/users\/25249"}],"replies":[{"embeddable":true,"href":"https:\/\/www.ospodgorje.si\/index.php?rest_route=%2Fwp%2Fv2%2Fcomments&post=9130"}],"version-history":[{"count":4,"href":"https:\/\/www.ospodgorje.si\/index.php?rest_route=\/wp\/v2\/pages\/9130\/revisions"}],"predecessor-version":[{"id":9141,"href":"https:\/\/www.ospodgorje.si\/index.php?rest_route=\/wp\/v2\/pages\/9130\/revisions\/9141"}],"wp:attachment":[{"href":"https:\/\/www.ospodgorje.si\/index.php?rest_route=%2Fwp%2Fv2%2Fmedia&parent=9130"}],"curies":[{"name":"wp","href":"https:\/\/api.w.org\/{rel}","templated":true}]}}