{"id":9020,"date":"2025-10-01T18:09:40","date_gmt":"2025-10-01T16:09:40","guid":{"rendered":"https:\/\/podgorjesg.splet.arnes.si\/?page_id=9020"},"modified":"2025-10-01T18:09:41","modified_gmt":"2025-10-01T16:09:41","slug":"kolegialni-coaching","status":"publish","type":"page","link":"https:\/\/www.ospodgorje.si\/?page_id=9020","title":{"rendered":"KOLEGIALNI COACHING"},"content":{"rendered":"\n<p>V tem \u0161olskem letu bomo v del kolektiva uvajali kolegialni coaching, kot obliko strokovnega sodelovanja in profesionalnega razvoja u\u010diteljev. Gre za strukturiran proces, v katerem bomo u\u010ditelji v varnem in spodbudnem okolju izmenjevali izku\u0161nje, si nudili povratne informacije ter skupaj iskali re\u0161itve za izzive, s katerimi se sre\u010dujemo pri pou\u010devanju.<\/p>\n\n\n\n<p>Skozi redna sre\u010danja bomo spodbujali refleksijo lastne prakse, analizirali primere pou\u010devanja in razvijali u\u010dinkovite pedago\u0161ke pristope. Poseben poudarek bo namenjen deljenju dobrih praks, uporabi sodobnih didakti\u010dnih pristopov ter iskanju na\u010dinov, kako matematiko pribli\u017eati u\u010dencem na zanimiv in razumljiv na\u010din. To bomo izvajali tudi pri sestankih vertikale za matematiko.<\/p>\n\n\n\n<p>Karin Sirovina Dvornik se dodatno strokovno izobra\u017euje v programu Kolegialni coaching, ki ga izvaja institucija MALE ZMAGE, kar bo pripomoglo h kakovostnej\u0161i izvedbi kolegialnega coachinga in k uvajanju u\u010dinkovitih pristopov v na\u0161 pedago\u0161ki proces. Za\u010deli bomo z manj\u0161o skupino, do pet u\u010diteljev.<\/p>\n\n\n\n<p>Cilji kolegialnega coachinga so krepitev strokovnega sodelovanja med u\u010ditelji, spodbujanje stalnega strokovnega u\u010denja, izbolj\u0161anje kakovosti pouka ter ustvarjanje pozitivne delovne klime v kolektivu. Na ta na\u010din \u017eelimo prispevati k ve\u010dji motivaciji in uspe\u0161nosti u\u010dencev ter k osebnostni in strokovni rasti u\u010diteljev.<\/p>\n\n\n\n<p>Karin Sirovina Dvornik<\/p>\n","protected":false},"excerpt":{"rendered":"<p>V tem \u0161olskem letu bomo v del kolektiva uvajali kolegialni coaching, kot obliko strokovnega sodelovanja in profesionalnega razvoja u\u010diteljev. Gre za strukturiran proces, v katerem bomo u\u010ditelji v varnem in spodbudnem okolju izmenjevali izku\u0161nje,&#46;&#46;&#46;<\/p>\n","protected":false},"author":25249,"featured_media":0,"parent":0,"menu_order":0,"comment_status":"closed","ping_status":"closed","template":"","meta":{"ngg_post_thumbnail":0,"footnotes":""},"class_list":["post-9020","page","type-page","status-publish","hentry"],"_links":{"self":[{"href":"https:\/\/www.ospodgorje.si\/index.php?rest_route=\/wp\/v2\/pages\/9020","targetHints":{"allow":["GET"]}}],"collection":[{"href":"https:\/\/www.ospodgorje.si\/index.php?rest_route=\/wp\/v2\/pages"}],"about":[{"href":"https:\/\/www.ospodgorje.si\/index.php?rest_route=\/wp\/v2\/types\/page"}],"author":[{"embeddable":true,"href":"https:\/\/www.ospodgorje.si\/index.php?rest_route=\/wp\/v2\/users\/25249"}],"replies":[{"embeddable":true,"href":"https:\/\/www.ospodgorje.si\/index.php?rest_route=%2Fwp%2Fv2%2Fcomments&post=9020"}],"version-history":[{"count":1,"href":"https:\/\/www.ospodgorje.si\/index.php?rest_route=\/wp\/v2\/pages\/9020\/revisions"}],"predecessor-version":[{"id":9022,"href":"https:\/\/www.ospodgorje.si\/index.php?rest_route=\/wp\/v2\/pages\/9020\/revisions\/9022"}],"wp:attachment":[{"href":"https:\/\/www.ospodgorje.si\/index.php?rest_route=%2Fwp%2Fv2%2Fmedia&parent=9020"}],"curies":[{"name":"wp","href":"https:\/\/api.w.org\/{rel}","templated":true}]}}