{"id":595,"date":"2020-11-25T16:19:01","date_gmt":"2020-11-25T15:19:01","guid":{"rendered":"http:\/\/podgorjesg.splet.arnes.si\/?page_id=595"},"modified":"2025-10-01T17:46:05","modified_gmt":"2025-10-01T15:46:05","slug":"rastem-s-knjigo","status":"publish","type":"page","link":"https:\/\/www.ospodgorje.si\/?page_id=595","title":{"rendered":"Rastem s knjigo"},"content":{"rendered":"\n<p>Nacionalni projekt Rastem s knjigo poteka \u017ee vrsto let s strani Javne agencije za knjigo RS v sodelovanju z Ministrstvom za kulturo, Ministrstvom za izobra\u017eevanje, znanost in \u0161port, s knji\u017enicami in drugimi ustanovami. V okviru tega projekta sedmo\u0161olci obi\u0161\u010dejo Knji\u017enico Ksaverja Me\u0161ka Slovenj Gradec, kjer jim knji\u017eni\u010darke podajo pomembno knji\u017eni\u010dno-informacijsko znanje. Poleg tega jih knji\u017eni\u010darka preko zanimivih pripovedi popelje v svet knjig in mlade navdu\u0161i, da pose\u017eejo po mladinskem leposlovju. Vsako leto ob obisku knji\u017enice v okviru omenjenega projekta sedmo\u0161olci prejmejo tudi zanimivo knjigo. Letos je to knjiga Nine Mav Hrovat: Orientacisti \u2013 \u0160korpijonov pik.<\/p>\n\n\n\n<p>Vodja projekta: Lucija \u0160tamulak<\/p>\n","protected":false},"excerpt":{"rendered":"<p>Nacionalni projekt Rastem s knjigo poteka \u017ee vrsto let s strani Javne agencije za knjigo RS v sodelovanju z Ministrstvom za kulturo, Ministrstvom za izobra\u017eevanje, znanost in \u0161port, s knji\u017enicami in drugimi ustanovami. V&#46;&#46;&#46;<\/p>\n","protected":false},"author":25249,"featured_media":0,"parent":0,"menu_order":0,"comment_status":"closed","ping_status":"closed","template":"","meta":{"ngg_post_thumbnail":0,"footnotes":""},"class_list":["post-595","page","type-page","status-publish","hentry"],"_links":{"self":[{"href":"https:\/\/www.ospodgorje.si\/index.php?rest_route=\/wp\/v2\/pages\/595","targetHints":{"allow":["GET"]}}],"collection":[{"href":"https:\/\/www.ospodgorje.si\/index.php?rest_route=\/wp\/v2\/pages"}],"about":[{"href":"https:\/\/www.ospodgorje.si\/index.php?rest_route=\/wp\/v2\/types\/page"}],"author":[{"embeddable":true,"href":"https:\/\/www.ospodgorje.si\/index.php?rest_route=\/wp\/v2\/users\/25249"}],"replies":[{"embeddable":true,"href":"https:\/\/www.ospodgorje.si\/index.php?rest_route=%2Fwp%2Fv2%2Fcomments&post=595"}],"version-history":[{"count":6,"href":"https:\/\/www.ospodgorje.si\/index.php?rest_route=\/wp\/v2\/pages\/595\/revisions"}],"predecessor-version":[{"id":9013,"href":"https:\/\/www.ospodgorje.si\/index.php?rest_route=\/wp\/v2\/pages\/595\/revisions\/9013"}],"wp:attachment":[{"href":"https:\/\/www.ospodgorje.si\/index.php?rest_route=%2Fwp%2Fv2%2Fmedia&parent=595"}],"curies":[{"name":"wp","href":"https:\/\/api.w.org\/{rel}","templated":true}]}}