{"id":589,"date":"2020-11-25T16:19:01","date_gmt":"2020-11-25T15:19:01","guid":{"rendered":"http:\/\/podgorjesg.splet.arnes.si\/?page_id=589"},"modified":"2025-10-01T17:45:30","modified_gmt":"2025-10-01T15:45:30","slug":"planetu-prija","status":"publish","type":"page","link":"https:\/\/www.ospodgorje.si\/?page_id=589","title":{"rendered":"Sobivanje"},"content":{"rendered":"\n<p><strong>SOBIVANJE \u2013 DRU\u0160TVO ZA TRAJNOSTNI RAZVOJ<\/strong><\/p>\n\n\n\n<p>Osnovno vodilo je prizadevanje za trajnostno ravnanje in obna\u0161anje v vzgoji in izobra\u017eevanju otrok in mladine ter dru\u0161tva \u0161ir\u0161e javnosti. Cilji posameznih projektov nas vsakoletno prepri\u010dajo za aktivno sodelovanje. Zavedamo se, da bodo okoljevarstvene teme, prisotne med ljudmi, krepile prepri\u010danje, da lahko vsak prispeva svoj dele\u017e. Vedno ve\u010d bo tudi konkretnih spodbud, ki bodo prav gotovo navdih za ozave\u0161\u010deno ravnanje ljudi na planetu.&nbsp;Glede na to, da postaja skrb za ohranjanje narave in varstvo okolja podro\u010dje, ki se vedno bolj dotika vsakega posameznika in se nakazuje usodna soodvisnost vseh \u017eivih bitij, bo dru\u0161tvo Sobivanje na vsakem koraku uresni\u010devalo to svoje poslanstvo, posledi\u010dno pa tudi \u0161ole, ki so vklju\u010dene v projekt.<\/p>\n\n\n\n<p>Vodji projekta: mag. Majda Tam\u0161e Horvat, Angela Vo\u0161ner<\/p>\n\n\n\n<h2 class=\"wp-block-heading\">&nbsp;<\/h2>\n","protected":false},"excerpt":{"rendered":"<p>SOBIVANJE \u2013 DRU\u0160TVO ZA TRAJNOSTNI RAZVOJ Osnovno vodilo je prizadevanje za trajnostno ravnanje in obna\u0161anje v vzgoji in izobra\u017eevanju otrok in mladine ter dru\u0161tva \u0161ir\u0161e javnosti. Cilji posameznih projektov nas vsakoletno prepri\u010dajo za aktivno&#46;&#46;&#46;<\/p>\n","protected":false},"author":25249,"featured_media":0,"parent":0,"menu_order":0,"comment_status":"closed","ping_status":"closed","template":"","meta":{"ngg_post_thumbnail":0,"footnotes":""},"class_list":["post-589","page","type-page","status-publish","hentry"],"_links":{"self":[{"href":"https:\/\/www.ospodgorje.si\/index.php?rest_route=\/wp\/v2\/pages\/589","targetHints":{"allow":["GET"]}}],"collection":[{"href":"https:\/\/www.ospodgorje.si\/index.php?rest_route=\/wp\/v2\/pages"}],"about":[{"href":"https:\/\/www.ospodgorje.si\/index.php?rest_route=\/wp\/v2\/types\/page"}],"author":[{"embeddable":true,"href":"https:\/\/www.ospodgorje.si\/index.php?rest_route=\/wp\/v2\/users\/25249"}],"replies":[{"embeddable":true,"href":"https:\/\/www.ospodgorje.si\/index.php?rest_route=%2Fwp%2Fv2%2Fcomments&post=589"}],"version-history":[{"count":8,"href":"https:\/\/www.ospodgorje.si\/index.php?rest_route=\/wp\/v2\/pages\/589\/revisions"}],"predecessor-version":[{"id":9012,"href":"https:\/\/www.ospodgorje.si\/index.php?rest_route=\/wp\/v2\/pages\/589\/revisions\/9012"}],"wp:attachment":[{"href":"https:\/\/www.ospodgorje.si\/index.php?rest_route=%2Fwp%2Fv2%2Fmedia&parent=589"}],"curies":[{"name":"wp","href":"https:\/\/api.w.org\/{rel}","templated":true}]}}