{"id":5508,"date":"2025-01-23T09:32:29","date_gmt":"2025-01-23T08:32:29","guid":{"rendered":"https:\/\/podgorjesg.splet.arnes.si\/?page_id=5508"},"modified":"2025-10-01T19:13:04","modified_gmt":"2025-10-01T17:13:04","slug":"solska-zalozba","status":"publish","type":"page","link":"https:\/\/www.ospodgorje.si\/?page_id=5508","title":{"rendered":"\u0160OLSKA ZALO\u017dBA"},"content":{"rendered":"\n<p><\/p>\n\n\n\n<p><strong>Izdane KNJIGE<\/strong><\/p>\n\n\n\n<p class=\"has-medium-font-size\"><\/p>\n\n\n\n<figure class=\"wp-block-gallery has-nested-images columns-4 is-cropped wp-block-gallery-1 is-layout-flex wp-block-gallery-is-layout-flex\">\n<figure class=\"wp-block-image size-medium\"><a href=\"https:\/\/www.ospodgorje.si\/files\/2025\/01\/Legendi-o-Urslji-gori-platnica.jpg\" target=\"_blank\" rel=\" noreferrer noopener\"><img loading=\"lazy\" decoding=\"async\" width=\"298\" height=\"300\" data-id=\"5535\" src=\"https:\/\/www.ospodgorje.si\/files\/2025\/01\/Legendi-o-Urslji-gori-platnica-298x300.jpg\" alt=\"\" class=\"wp-image-5535\" srcset=\"https:\/\/www.ospodgorje.si\/files\/2025\/01\/Legendi-o-Urslji-gori-platnica-298x300.jpg 298w, https:\/\/www.ospodgorje.si\/files\/2025\/01\/Legendi-o-Urslji-gori-platnica-1019x1024.jpg 1019w, https:\/\/www.ospodgorje.si\/files\/2025\/01\/Legendi-o-Urslji-gori-platnica-90x90.jpg 90w, https:\/\/www.ospodgorje.si\/files\/2025\/01\/Legendi-o-Urslji-gori-platnica-768x772.jpg 768w, https:\/\/www.ospodgorje.si\/files\/2025\/01\/Legendi-o-Urslji-gori-platnica-1528x1536.jpg 1528w, https:\/\/www.ospodgorje.si\/files\/2025\/01\/Legendi-o-Urslji-gori-platnica-2038x2048.jpg 2038w, https:\/\/www.ospodgorje.si\/files\/2025\/01\/Legendi-o-Urslji-gori-platnica-80x80.jpg 80w\" sizes=\"auto, (max-width: 298px) 100vw, 298px\" \/><\/a><\/figure>\n\n\n\n<figure class=\"wp-block-image size-medium\"><a href=\"https:\/\/www.ospodgorje.si\/files\/2025\/01\/Tisti-grad-tam-nekje-platnica-scaled.jpg\" target=\"_blank\" rel=\" noreferrer noopener\"><img loading=\"lazy\" decoding=\"async\" width=\"239\" height=\"300\" data-id=\"5534\" src=\"https:\/\/www.ospodgorje.si\/files\/2025\/01\/Tisti-grad-tam-nekje-platnica-239x300.jpg\" alt=\"\" class=\"wp-image-5534\" srcset=\"https:\/\/www.ospodgorje.si\/files\/2025\/01\/Tisti-grad-tam-nekje-platnica-239x300.jpg 239w, https:\/\/www.ospodgorje.si\/files\/2025\/01\/Tisti-grad-tam-nekje-platnica-814x1024.jpg 814w, https:\/\/www.ospodgorje.si\/files\/2025\/01\/Tisti-grad-tam-nekje-platnica-768x966.jpg 768w, https:\/\/www.ospodgorje.si\/files\/2025\/01\/Tisti-grad-tam-nekje-platnica-1222x1536.jpg 1222w, https:\/\/www.ospodgorje.si\/files\/2025\/01\/Tisti-grad-tam-nekje-platnica-1629x2048.jpg 1629w, https:\/\/www.ospodgorje.si\/files\/2025\/01\/Tisti-grad-tam-nekje-platnica-scaled.jpg 2036w\" sizes=\"auto, (max-width: 239px) 100vw, 239px\" \/><\/a><\/figure>\n\n\n\n<figure class=\"wp-block-image size-medium\"><a href=\"https:\/\/www.ospodgorje.si\/files\/2025\/01\/Tisti-puscavnik-tam-nekje-platnica-scaled.jpg\" target=\"_blank\" rel=\" noreferrer noopener\"><img loading=\"lazy\" decoding=\"async\" width=\"237\" height=\"300\" data-id=\"5536\" src=\"https:\/\/www.ospodgorje.si\/files\/2025\/01\/Tisti-puscavnik-tam-nekje-platnica-237x300.jpg\" alt=\"\" class=\"wp-image-5536\" srcset=\"https:\/\/www.ospodgorje.si\/files\/2025\/01\/Tisti-puscavnik-tam-nekje-platnica-237x300.jpg 237w, https:\/\/www.ospodgorje.si\/files\/2025\/01\/Tisti-puscavnik-tam-nekje-platnica-810x1024.jpg 810w, https:\/\/www.ospodgorje.si\/files\/2025\/01\/Tisti-puscavnik-tam-nekje-platnica-768x971.jpg 768w, https:\/\/www.ospodgorje.si\/files\/2025\/01\/Tisti-puscavnik-tam-nekje-platnica-1215x1536.jpg 1215w, https:\/\/www.ospodgorje.si\/files\/2025\/01\/Tisti-puscavnik-tam-nekje-platnica-1620x2048.jpg 1620w, https:\/\/www.ospodgorje.si\/files\/2025\/01\/Tisti-puscavnik-tam-nekje-platnica-scaled.jpg 2024w\" sizes=\"auto, (max-width: 237px) 100vw, 237px\" \/><\/a><\/figure>\n\n\n\n<figure class=\"wp-block-image size-medium\"><a href=\"https:\/\/www.ospodgorje.si\/files\/2025\/01\/Legenda-o-Slovenj-Gradcu-platnica-scaled.jpg\" target=\"_blank\" rel=\" noreferrer noopener\"><img loading=\"lazy\" decoding=\"async\" width=\"239\" height=\"300\" data-id=\"5537\" src=\"https:\/\/www.ospodgorje.si\/files\/2025\/01\/Legenda-o-Slovenj-Gradcu-platnica-239x300.jpg\" alt=\"\" class=\"wp-image-5537\" srcset=\"https:\/\/www.ospodgorje.si\/files\/2025\/01\/Legenda-o-Slovenj-Gradcu-platnica-239x300.jpg 239w, https:\/\/www.ospodgorje.si\/files\/2025\/01\/Legenda-o-Slovenj-Gradcu-platnica-816x1024.jpg 816w, https:\/\/www.ospodgorje.si\/files\/2025\/01\/Legenda-o-Slovenj-Gradcu-platnica-768x963.jpg 768w, https:\/\/www.ospodgorje.si\/files\/2025\/01\/Legenda-o-Slovenj-Gradcu-platnica-1225x1536.jpg 1225w, https:\/\/www.ospodgorje.si\/files\/2025\/01\/Legenda-o-Slovenj-Gradcu-platnica-1633x2048.jpg 1633w, https:\/\/www.ospodgorje.si\/files\/2025\/01\/Legenda-o-Slovenj-Gradcu-platnica-scaled.jpg 2041w\" sizes=\"auto, (max-width: 239px) 100vw, 239px\" \/><\/a><\/figure>\n<\/figure>\n\n\n\n<p><\/p>\n\n\n\n<p><\/p>\n\n\n\n<p><\/p>\n\n\n\n<hr class=\"wp-block-separator has-alpha-channel-opacity\" \/>\n\n\n\n<p><\/p>\n\n\n\n<p><\/p>\n\n\n\n<p><strong>Natisnjene RAZGLEDNICE<\/strong><\/p>\n\n\n\n<p class=\"has-medium-font-size\"><\/p>\n\n\n\n<figure class=\"wp-block-gallery has-nested-images columns-default is-cropped wp-block-gallery-2 is-layout-flex wp-block-gallery-is-layout-flex\">\n<figure class=\"wp-block-image size-large\"><a href=\"https:\/\/www.ospodgorje.si\/files\/2025\/01\/zalozba-razglednice-podgorje.jpg\" target=\"_blank\" rel=\" noreferrer noopener\"><img loading=\"lazy\" decoding=\"async\" width=\"1000\" height=\"688\" data-id=\"5524\" src=\"https:\/\/www.ospodgorje.si\/files\/2025\/01\/zalozba-razglednice-podgorje.jpg\" alt=\"\" class=\"wp-image-5524\" srcset=\"https:\/\/www.ospodgorje.si\/files\/2025\/01\/zalozba-razglednice-podgorje.jpg 1000w, https:\/\/www.ospodgorje.si\/files\/2025\/01\/zalozba-razglednice-podgorje-300x206.jpg 300w, https:\/\/www.ospodgorje.si\/files\/2025\/01\/zalozba-razglednice-podgorje-768x528.jpg 768w\" sizes=\"auto, (max-width: 1000px) 100vw, 1000px\" \/><\/a><\/figure>\n\n\n\n<figure class=\"wp-block-image size-large\"><a href=\"https:\/\/www.ospodgorje.si\/files\/2025\/01\/zalozba-razglednice-razbor.jpg\" target=\"_blank\" rel=\" noreferrer noopener\"><img loading=\"lazy\" decoding=\"async\" width=\"1000\" height=\"685\" data-id=\"5525\" src=\"https:\/\/www.ospodgorje.si\/files\/2025\/01\/zalozba-razglednice-razbor.jpg\" alt=\"\" class=\"wp-image-5525\" srcset=\"https:\/\/www.ospodgorje.si\/files\/2025\/01\/zalozba-razglednice-razbor.jpg 1000w, https:\/\/www.ospodgorje.si\/files\/2025\/01\/zalozba-razglednice-razbor-300x206.jpg 300w, https:\/\/www.ospodgorje.si\/files\/2025\/01\/zalozba-razglednice-razbor-768x526.jpg 768w\" sizes=\"auto, (max-width: 1000px) 100vw, 1000px\" \/><\/a><\/figure>\n\n\n\n<figure class=\"wp-block-image size-large\"><a href=\"https:\/\/www.ospodgorje.si\/files\/2025\/01\/zalozba-razglednice-smiklavz.jpg\" target=\"_blank\" rel=\" noreferrer noopener\"><img loading=\"lazy\" decoding=\"async\" width=\"1000\" height=\"688\" data-id=\"5526\" src=\"https:\/\/www.ospodgorje.si\/files\/2025\/01\/zalozba-razglednice-smiklavz.jpg\" alt=\"\" class=\"wp-image-5526\" srcset=\"https:\/\/www.ospodgorje.si\/files\/2025\/01\/zalozba-razglednice-smiklavz.jpg 1000w, https:\/\/www.ospodgorje.si\/files\/2025\/01\/zalozba-razglednice-smiklavz-300x206.jpg 300w, https:\/\/www.ospodgorje.si\/files\/2025\/01\/zalozba-razglednice-smiklavz-768x528.jpg 768w\" sizes=\"auto, (max-width: 1000px) 100vw, 1000px\" \/><\/a><\/figure>\n<\/figure>\n\n\n\n<p><\/p>\n\n\n\n<p><\/p>\n\n\n\n<p><\/p>\n\n\n\n<hr class=\"wp-block-separator has-alpha-channel-opacity\" \/>\n\n\n\n<p><strong>Natisnjene VO\u0160\u010cILNICE<\/strong><\/p>\n\n\n\n<p class=\"has-small-font-size\" style=\"font-style:normal;font-weight:700\">Likovno opremo so pripravili u\u010denci O\u0160 Podgorje pri Slovenj Gradcu ter u\u010denci podru\u017enic \u0160miklav\u017e in Razbor pod mentorstvom prof. Petra Valtla.<\/p>\n\n\n\n<p class=\"has-small-font-size\" style=\"font-style:normal;font-weight:700\">Zalo\u017eila O\u0160 Podgorje pri Slovenj Gradcu.<\/p>\n\n\n\n<p class=\"has-small-font-size\" style=\"font-style:normal;font-weight:700\">Natisnila Tiskarna Gre\u0161ovnik d.o.o..<\/p>\n\n\n\n<figure class=\"wp-block-table is-style-regular has-medium-font-size\"><table class=\"has-fixed-layout\"><tbody><tr><td><img decoding=\"async\" src=\"https:\/\/www.ospodgorje.si\/files\/2025\/01\/10.jpg\" alt=\"\"><\/td><td class=\"has-text-align-center\" data-align=\"center\"><strong><a href=\"https:\/\/www.ospodgorje.si\/?page_id=5563\" target=\"_blank\" rel=\"noreferrer noopener\">2024\/25<\/a><\/strong><br><strong><a href=\"https:\/\/www.ospodgorje.si\/?page_id=5587\" target=\"_blank\" rel=\"noreferrer noopener\">2023\/24<\/a><\/strong><br><strong><a href=\"https:\/\/www.ospodgorje.si\/?page_id=5614\" target=\"_blank\" rel=\"noreferrer noopener\">2019\/20<\/a><\/strong><br><strong><a href=\"https:\/\/www.ospodgorje.si\/?page_id=5674\" target=\"_blank\" rel=\"noreferrer noopener\">2014\/15<\/a><\/strong><br><strong><a href=\"https:\/\/www.ospodgorje.si\/?page_id=5670\" target=\"_blank\" rel=\"noreferrer noopener\">2013\/14<\/a><\/strong><br><strong><a href=\"https:\/\/www.ospodgorje.si\/?page_id=5629\" target=\"_blank\" rel=\"noreferrer noopener\">2012\/13<\/a><\/strong><br><strong><a href=\"https:\/\/www.ospodgorje.si\/?page_id=5643\" target=\"_blank\" rel=\"noreferrer noopener\">2011\/12<\/a><\/strong><\/td><\/tr><\/tbody><\/table><\/figure>\n\n\n\n<p><\/p>\n","protected":false},"excerpt":{"rendered":"<p>Izdane KNJIGE Natisnjene RAZGLEDNICE Natisnjene VO\u0160\u010cILNICE Likovno opremo so pripravili u\u010denci O\u0160 Podgorje pri Slovenj Gradcu ter u\u010denci podru\u017enic \u0160miklav\u017e in Razbor pod mentorstvom prof. Petra Valtla. Zalo\u017eila O\u0160 Podgorje pri Slovenj Gradcu. Natisnila&#46;&#46;&#46;<\/p>\n","protected":false},"author":25249,"featured_media":0,"parent":0,"menu_order":0,"comment_status":"closed","ping_status":"closed","template":"","meta":{"ngg_post_thumbnail":0,"footnotes":""},"class_list":["post-5508","page","type-page","status-publish","hentry"],"_links":{"self":[{"href":"https:\/\/www.ospodgorje.si\/index.php?rest_route=\/wp\/v2\/pages\/5508","targetHints":{"allow":["GET"]}}],"collection":[{"href":"https:\/\/www.ospodgorje.si\/index.php?rest_route=\/wp\/v2\/pages"}],"about":[{"href":"https:\/\/www.ospodgorje.si\/index.php?rest_route=\/wp\/v2\/types\/page"}],"author":[{"embeddable":true,"href":"https:\/\/www.ospodgorje.si\/index.php?rest_route=\/wp\/v2\/users\/25249"}],"replies":[{"embeddable":true,"href":"https:\/\/www.ospodgorje.si\/index.php?rest_route=%2Fwp%2Fv2%2Fcomments&post=5508"}],"version-history":[{"count":15,"href":"https:\/\/www.ospodgorje.si\/index.php?rest_route=\/wp\/v2\/pages\/5508\/revisions"}],"predecessor-version":[{"id":9049,"href":"https:\/\/www.ospodgorje.si\/index.php?rest_route=\/wp\/v2\/pages\/5508\/revisions\/9049"}],"wp:attachment":[{"href":"https:\/\/www.ospodgorje.si\/index.php?rest_route=%2Fwp%2Fv2%2Fmedia&parent=5508"}],"curies":[{"name":"wp","href":"https:\/\/api.w.org\/{rel}","templated":true}]}}