{"id":5124,"date":"2024-10-17T11:28:02","date_gmt":"2024-10-17T09:28:02","guid":{"rendered":"https:\/\/podgorjesg.splet.arnes.si\/?page_id=5124"},"modified":"2025-11-06T10:43:49","modified_gmt":"2025-11-06T09:43:49","slug":"rap-2","status":"publish","type":"page","link":"https:\/\/www.ospodgorje.si\/?page_id=5124","title":{"rendered":"RAP"},"content":{"rendered":"\n<p><a href=\"https:\/\/www.ospodgorje.si\/files\/2025\/05\/PRIJAVNICA-ZA-RAP-2024-25.pdf\" target=\"_blank\" rel=\"noreferrer noopener\">PRIJAVNICA<\/a><\/p>\n\n\n\n<p><strong><a href=\"https:\/\/razbor.splet.arnes.si\/files\/2025\/10\/RAP-URNIK-2526.pdf\" data-type=\"link\" data-id=\"https:\/\/razbor.splet.arnes.si\/files\/2025\/10\/RAP-URNIK-2526.pdf\" target=\"_blank\" rel=\"noreferrer noopener\">URNIKI RAP DEJAVNOSTI<\/a><\/strong> &#8211; 2025\/26<\/p>\n\n\n\n<p><strong><a href=\"https:\/\/razbor.splet.arnes.si\/files\/2025\/10\/RAP-opisi-podrocij-2526.pdf\" data-type=\"link\" data-id=\"https:\/\/razbor.splet.arnes.si\/files\/2025\/10\/RAP-opisi-podrocij-2526.pdf\" target=\"_blank\" rel=\"noreferrer noopener\">OPISI RAP DEJAVNOSTI<\/a><\/strong> &#8211; 2025\/26<\/p>\n\n\n\n<p><a href=\"https:\/\/youtu.be\/U_CDpLg3ERs\" target=\"_blank\" rel=\"noreferrer noopener\">RAP &#8211; skozi \u010das &#8211; VIDEO &#8211; YOUTUBE &#8211; povezava<\/a><\/p>\n\n\n\n<p><a href=\"https:\/\/www.ospodgorje.si\/?page_id=9130\" data-type=\"link\" data-id=\"https:\/\/www.ospodgorje.si\/?page_id=9130\">Prispevki na spletni strani<\/a><\/p>\n\n\n\n<hr class=\"wp-block-separator has-alpha-channel-opacity\" \/>\n\n\n\n<p><\/p>\n\n\n\n<p class=\"has-vivid-red-color has-text-color has-medium-font-size\"><strong>Raz\u0161irjeni program \u2013 RaP<\/strong><\/p>\n\n\n\n<p><\/p>\n\n\n\n<p>Osnovna \u0161ola na\u010drtuje in izvaja raz\u0161irjeni program skladno z dolo\u010dbami Zakona o osnovni \u0161oli, Predmetnikom osnovne \u0161ole ter Kurikulumom za raz\u0161irjeni program osnovne \u0161ole.<\/p>\n\n\n\n<p class=\"has-medium-font-size\"><strong>Kaj je raz\u0161irjeni program?<\/strong><\/p>\n\n\n\n<p>Nov koncept raz\u0161irjenega programa zajema nekatere dejavnosti, ki smo jih doslej poznali kot:<\/p>\n\n\n\n<ul class=\"wp-block-list\">\n<li>neobvezne izbirne predmete (umetnost, ra\u010dunalni\u0161tvo, \u0161port, tehnika)<\/li>\n\n\n\n<li>neobvezni izbirni predmet tuji jezik<\/li>\n\n\n\n<li>interesne dejavnosti<\/li>\n\n\n\n<li>pevski zbor<\/li>\n\n\n\n<li>dopolnilni pouk<\/li>\n\n\n\n<li>dodatni pouk<\/li>\n\n\n\n<li>individualno in skupinsko pomo\u010d<\/li>\n\n\n\n<li>podalj\u0161ano bivanje<\/li>\n\n\n\n<li>jutranje varstvo<\/li>\n\n\n\n<li>kolesarski izpit<\/li>\n\n\n\n<li>\u2026<\/li>\n<\/ul>\n\n\n\n<p class=\"has-medium-font-size\"><strong>Kaj je temeljni namen raz\u0161irjenega programa?<\/strong><\/p>\n\n\n\n<p>Temeljni namen raz\u0161irjenega programa osnovne \u0161ole je vsem u\u010dencem omogo\u010diti pogoje za spodbudno u\u010dno okolje, ki jim omogo\u010da zdrav in celosten osebni razvoj. V pogojih spodbudnega u\u010dnega okolja celostni razvoj u\u010dencev sledi njihovim individualnim zmo\u017enostim, interesom, talentom in potrebam, ob smiselnem upo\u0161tevanju njihovih individualnih \u017eelja in pri\u010dakovanj. U\u010denci spoznavajo in prepoznavajo lastne sposobnosti, osebnostne zna\u010dilnosti in interese, s \u010dimer jim pomagamo pri izbiri poklica oz. nadaljnje izobra\u017eevalne poti.<\/p>\n\n\n\n<p>Namen raz\u0161irjenega programa je u\u010dencem omogo\u010dati spoznavanje raznolikih mo\u017enosti za kakovostno in zdravo pre\u017eivljanje ter samostojno na\u010drtovanje prostega \u010dasa, saj kakovost pre\u017eivljanja prostega \u010dasa pomembno vpliva na fizi\u010dno, \u010dustveno in du\u0161evno zdravje ter razvoj u\u010dencev.<\/p>\n\n\n\n<p>Z raz\u0161irjenim programom osnovna \u0161ola prispeva k:<\/p>\n\n\n\n<ul class=\"wp-block-list\">\n<li>nadgrajevanju in poglabljanju ciljev obveznega programa osnovne \u0161ole na druga\u010dne na\u010dine,<\/li>\n\n\n\n<li>doseganju ciljev raz\u0161irjenega programa,<\/li>\n\n\n\n<li>spoznavanju individualnih zna\u010dilnosti in potreb u\u010dencev,<\/li>\n\n\n\n<li>ve\u010dji izbirnosti in participaciji u\u010dencev, ki se aktivno vklju\u010dujejo v na\u010drtovanje in izvajanje dejavnosti,<\/li>\n\n\n\n<li>razvijanju razli\u010dnih u\u010den\u010devih interesov, spretnosti in znanja,<\/li>\n\n\n\n<li>razvijanju ustvarjalnosti u\u010dencev,<\/li>\n\n\n\n<li>razvijanju kriti\u010dnega mi\u0161ljenja,<\/li>\n\n\n\n<li>razvijanju sodelovanja in sodelovalnega u\u010denja,<\/li>\n\n\n\n<li>razvijanju digitalnih ve\u0161\u010din,<\/li>\n\n\n\n<li>razvijanju u\u010dnih in delovnih navad,<\/li>\n\n\n\n<li>spodbujanju skrbi za telesno in du\u0161evno zdravje ter dobre odnose,<\/li>\n\n\n\n<li>spodbujanju kulturno-umetnostne vzgoje,<\/li>\n\n\n\n<li>spodbujanju odgovornega odnosa do sebe in okolja ter za dejavno vklju\u010devanje v demokrati\u010dno dru\u017ebo,<\/li>\n\n\n\n<li>ozave\u0161\u010danju o pomenu in strategijah uravnavanja \u010dustev, misli in vedenja,<\/li>\n\n\n\n<li>ozave\u0161\u010danju o pomenu trajnostne naravnanosti in ohranjanja naravnega okolja,<\/li>\n\n\n\n<li>spodbujanju kakovostnega pre\u017eivljanja prostega \u010dasa,<\/li>\n\n\n\n<li>spodbujanju karierne orientacije.<\/li>\n<\/ul>\n\n\n\n<p class=\"has-medium-font-size\"><strong>Kaj so cilji raz\u0161irjenega programa?<\/strong><\/p>\n\n\n\n<p>Smiselna in kakovostna nadgradnja obveznega vzgojno-izobra\u017eevalnega programa osnovne \u0161ole, skladno s potrebami in interesi u\u010dencev, pogoji \u0161ole ter mo\u017enostmi o\u017ejega in \u0161ir\u0161ega okolja;<\/p>\n\n\n\n<ul class=\"wp-block-list\">\n<li>zagotoviti spodbudno, inkluzivno, ustvarjalno in varno u\u010dno okolje za u\u010denje, igro, dru\u017eenje, sprostitev ali po\u010ditek v \u010dasu pred izvedbo obveznega programa, med njo ali po njej;<\/li>\n\n\n\n<li>ustvariti pogoje za uspe\u0161no samostojno ali sodelovalno u\u010denje in pripravo u\u010denk in u\u010dencev na pouk (opravljanje \u0161olskih in doma\u010dih nalog ter drugih u\u010dnih obveznosti);<\/li>\n\n\n\n<li>ponuditi u\u010dencem pester in raznolik nabor dejavnosti z vseh podro\u010dij raz\u0161irjenega programa;<\/li>\n\n\n\n<li>omogo\u010diti dostop do \u0161irokega izbora razli\u010dnih u\u010dnih sredstev in pripomo\u010dkov (didakti\u010dna sredstva, informacijsko-komunikacijska tehnologija) ter raznolikih u\u010dnih virov (tiskani, digitalni itd.);<\/li>\n\n\n\n<li>zagotoviti skupinsko ter individualno podporo in usmerjanje u\u010dencev pri vklju\u010devanju v dejavnosti raz\u0161irjenega programa od aktivnega na\u010drtovanja do sodelovanja pri izvajanju ter spremljanju in evalvaciji (formativno spremljanje);<\/li>\n\n\n\n<li>zagotoviti interdisciplinarnost med vsebinami posameznih podro\u010dij.<\/li>\n<\/ul>\n\n\n\n<p class=\"has-medium-font-size\"><strong>Kaj so&nbsp;na\u010dela raz\u0161irjenega programa?<\/strong><\/p>\n\n\n\n<ol class=\"wp-block-list\">\n<li>Na\u010delo odprtosti, fleksibilnosti in izbirnosti programa.<\/li>\n\n\n\n<li>Na\u010delo avtonomije in odgovornosti.<\/li>\n\n\n\n<li>Na\u010delo povezovanja, sodelovanja in timskega dela.<\/li>\n\n\n\n<li>Na\u010delo uresni\u010devanja potreb, interesov u\u010dencev in enakih mo\u017enosti.<\/li>\n\n\n\n<li>Na\u010delo formativnega spremljanja in spodbujanja samoregulacije.<\/li>\n\n\n\n<li>Na\u010delo sistemati\u010dnega razvoja pre\u010dnih ve\u0161\u010din.<\/li>\n\n\n\n<li>Na\u010delo stalnega strokovnega izobra\u017eevanja in usposabljanja.<\/li>\n<\/ol>\n\n\n\n<p class=\"has-medium-font-size\"><strong>Podro\u010dja raz\u0161irjenega programa<\/strong><\/p>\n\n\n\n<figure class=\"wp-block-gallery has-nested-images columns-default is-cropped wp-block-gallery-1 is-layout-flex wp-block-gallery-is-layout-flex\">\n<figure class=\"wp-block-image size-large\"><a href=\"https:\/\/www.ospodgorje.si\/files\/2024\/10\/RAP.png\" target=\"_blank\" rel=\"noopener\"><img loading=\"lazy\" decoding=\"async\" width=\"1024\" height=\"576\" data-id=\"5128\" src=\"https:\/\/www.ospodgorje.si\/files\/2024\/10\/RAP-1024x576.png\" alt=\"\" class=\"wp-image-5128\" srcset=\"https:\/\/www.ospodgorje.si\/files\/2024\/10\/RAP-1024x576.png 1024w, https:\/\/www.ospodgorje.si\/files\/2024\/10\/RAP-300x169.png 300w, https:\/\/www.ospodgorje.si\/files\/2024\/10\/RAP-768x432.png 768w, https:\/\/www.ospodgorje.si\/files\/2024\/10\/RAP.png 1280w\" sizes=\"auto, (max-width: 1024px) 100vw, 1024px\" \/><\/a><\/figure>\n<\/figure>\n\n\n\n<p><\/p>\n","protected":false},"excerpt":{"rendered":"<p>PRIJAVNICA URNIKI RAP DEJAVNOSTI &#8211; 2025\/26 OPISI RAP DEJAVNOSTI &#8211; 2025\/26 RAP &#8211; skozi \u010das &#8211; VIDEO &#8211; YOUTUBE &#8211; povezava Prispevki na spletni strani Raz\u0161irjeni program \u2013 RaP Osnovna \u0161ola na\u010drtuje in izvaja&#46;&#46;&#46;<\/p>\n","protected":false},"author":25249,"featured_media":0,"parent":0,"menu_order":0,"comment_status":"closed","ping_status":"closed","template":"","meta":{"ngg_post_thumbnail":0,"footnotes":""},"class_list":["post-5124","page","type-page","status-publish","hentry"],"_links":{"self":[{"href":"https:\/\/www.ospodgorje.si\/index.php?rest_route=\/wp\/v2\/pages\/5124","targetHints":{"allow":["GET"]}}],"collection":[{"href":"https:\/\/www.ospodgorje.si\/index.php?rest_route=\/wp\/v2\/pages"}],"about":[{"href":"https:\/\/www.ospodgorje.si\/index.php?rest_route=\/wp\/v2\/types\/page"}],"author":[{"embeddable":true,"href":"https:\/\/www.ospodgorje.si\/index.php?rest_route=\/wp\/v2\/users\/25249"}],"replies":[{"embeddable":true,"href":"https:\/\/www.ospodgorje.si\/index.php?rest_route=%2Fwp%2Fv2%2Fcomments&post=5124"}],"version-history":[{"count":15,"href":"https:\/\/www.ospodgorje.si\/index.php?rest_route=\/wp\/v2\/pages\/5124\/revisions"}],"predecessor-version":[{"id":9199,"href":"https:\/\/www.ospodgorje.si\/index.php?rest_route=\/wp\/v2\/pages\/5124\/revisions\/9199"}],"wp:attachment":[{"href":"https:\/\/www.ospodgorje.si\/index.php?rest_route=%2Fwp%2Fv2%2Fmedia&parent=5124"}],"curies":[{"name":"wp","href":"https:\/\/api.w.org\/{rel}","templated":true}]}}