{"id":5096,"date":"2024-10-14T11:04:31","date_gmt":"2024-10-14T09:04:31","guid":{"rendered":"https:\/\/podgorjesg.splet.arnes.si\/?page_id=5096"},"modified":"2025-11-28T09:26:12","modified_gmt":"2025-11-28T08:26:12","slug":"e-naslovi-zaposlenih","status":"publish","type":"page","link":"https:\/\/www.ospodgorje.si\/?page_id=5096","title":{"rendered":"E-naslovi zaposlenih"},"content":{"rendered":"\n<figure class=\"wp-block-table\"><table><tbody><tr><td><strong>Ime in priimek<\/strong><br><\/td><td><strong>Elektronska po\u0161ta<\/strong><br><\/td><\/tr><tr><td>Andrej Glasencnik<\/td><td>andrej.glasencnik@ospodgorje.si<\/td><\/tr><tr><td>Ur\u0161ka Malek<\/td><td>urska.malek@ospodgorje.si<\/td><\/tr><tr><td>Andreja Triplat<\/td><td>andreja.triplat@ospodgorje.si<\/td><\/tr><tr><td>Anton Dreven\u0161ek<\/td><td>anton.drevensek@ospodgorje.si<\/td><\/tr><tr><td>Aleksandra Grabner Jonke<\/td><td>aleksandra.grabner-jonke@ospodgorje.si<\/td><\/tr><tr><td>Mateja Jontes Kavnik<\/td><td>mateja.jontes-kavnik@ospodgorje.si<\/td><\/tr><tr><td>Helena Korat<\/td><td>helena.korat@ospodgorje.si<\/td><\/tr><tr><td>Nina Kri\u0161tofelc<\/td><td>nina.kristofelc@ospodgorje.si<\/td><\/tr><tr><td>Ivanka Libnik<\/td><td>ivanka.libnik@ospodgorje.si<\/td><\/tr><tr><td>Andreja Polc<\/td><td>andreja.polc@ospodgorje.si<\/td><\/tr><tr><td>Irena Rubin Smolar<\/td><td>irena.rubin-smolar@ospodgorje.si<\/td><\/tr><tr><td>Klavdija Sonjak<\/td><td>klavdija.sonjak@ospodgorje.si<\/td><\/tr><tr><td>Peter Valtl<\/td><td>peter.valtl@ospodgorje.si<\/td><\/tr><tr><td>Mateja Voler Repas<\/td><td>mateja.voler-repas@ospodgorje.si<\/td><\/tr><tr><td>Angela Vo\u0161ner<\/td><td>angela.vosner@ospodgorje.si<\/td><\/tr><tr><td>Tanja Glasencnik<\/td><td>tanja.glasencnik@ospodgorje.si<\/td><\/tr><tr><td>Aida Halilic<\/td><td>aida.halilic@ospodgorje.si<\/td><\/tr><tr><td>Mateja Keber<\/td><td>mateja.keber@ospodgorje.si<\/td><\/tr><tr><td>Lucija \u0160tamulak<\/td><td>lucija.stamulak@ospodgorje.si<\/td><\/tr><tr><td>Sandi Borovnik<\/td><td>sandi.borovnik@ospodgorje.si<\/td><\/tr><tr><td>Janja Lahovnik Triplat<\/td><td>janja.lahovnik-triplat@ospodgorje.si<\/td><\/tr><tr><td>Karin Sirovina Dvornik<\/td><td>karin.sirovina-dvornik@ospodgorje.si<\/td><\/tr><tr><td>Vesna \u010cu\u010dek<\/td><td>vesna.osp@ospodgorje.si<\/td><\/tr><tr><td>Alenka Lesjak<\/td><td>alenka.lesjak@ospodgorje.si<\/td><\/tr><tr><td>Majda Tam\u0161e Horvat<\/td><td>majda.tamse-horvat@ospodgorje.si<\/td><\/tr><tr><td>Alenka Kralj<\/td><td>alenka.kralj3@guest.arnes.si<\/td><\/tr><tr><td>\u00a0Sta\u0161a Skarlovnik<\/td><td>\u00a0stasa.skarlovnik@ospodgorje.si<\/td><\/tr><tr><td>&nbsp;<\/td><td>&nbsp;<\/td><\/tr><\/tbody><\/table><\/figure>\n\n\n\n<p><\/p>\n","protected":false},"excerpt":{"rendered":"<p>Ime in priimek Elektronska po\u0161ta Andrej Glasencnik andrej.glasencnik@ospodgorje.si Ur\u0161ka Malek urska.malek@ospodgorje.si Andreja Triplat andreja.triplat@ospodgorje.si Anton Dreven\u0161ek anton.drevensek@ospodgorje.si Aleksandra Grabner Jonke aleksandra.grabner-jonke@ospodgorje.si Mateja Jontes Kavnik mateja.jontes-kavnik@ospodgorje.si Helena Korat helena.korat@ospodgorje.si Nina Kri\u0161tofelc nina.kristofelc@ospodgorje.si Ivanka Libnik ivanka.libnik@ospodgorje.si&#46;&#46;&#46;<\/p>\n","protected":false},"author":25249,"featured_media":0,"parent":0,"menu_order":0,"comment_status":"closed","ping_status":"closed","template":"","meta":{"ngg_post_thumbnail":0,"footnotes":""},"class_list":["post-5096","page","type-page","status-publish","hentry"],"_links":{"self":[{"href":"https:\/\/www.ospodgorje.si\/index.php?rest_route=\/wp\/v2\/pages\/5096","targetHints":{"allow":["GET"]}}],"collection":[{"href":"https:\/\/www.ospodgorje.si\/index.php?rest_route=\/wp\/v2\/pages"}],"about":[{"href":"https:\/\/www.ospodgorje.si\/index.php?rest_route=\/wp\/v2\/types\/page"}],"author":[{"embeddable":true,"href":"https:\/\/www.ospodgorje.si\/index.php?rest_route=\/wp\/v2\/users\/25249"}],"replies":[{"embeddable":true,"href":"https:\/\/www.ospodgorje.si\/index.php?rest_route=%2Fwp%2Fv2%2Fcomments&post=5096"}],"version-history":[{"count":11,"href":"https:\/\/www.ospodgorje.si\/index.php?rest_route=\/wp\/v2\/pages\/5096\/revisions"}],"predecessor-version":[{"id":9288,"href":"https:\/\/www.ospodgorje.si\/index.php?rest_route=\/wp\/v2\/pages\/5096\/revisions\/9288"}],"wp:attachment":[{"href":"https:\/\/www.ospodgorje.si\/index.php?rest_route=%2Fwp%2Fv2%2Fmedia&parent=5096"}],"curies":[{"name":"wp","href":"https:\/\/api.w.org\/{rel}","templated":true}]}}