{"id":4993,"date":"2024-09-27T10:59:39","date_gmt":"2024-09-27T08:59:39","guid":{"rendered":"https:\/\/podgorjesg.splet.arnes.si\/?page_id=4993"},"modified":"2025-10-01T17:47:34","modified_gmt":"2025-10-01T15:47:34","slug":"erasmus","status":"publish","type":"page","link":"https:\/\/www.ospodgorje.si\/?page_id=4993","title":{"rendered":"ERASMUS+"},"content":{"rendered":"\n<figure class=\"wp-block-gallery has-nested-images columns-default is-cropped wp-block-gallery-1 is-layout-flex wp-block-gallery-is-layout-flex\">\n<figure class=\"wp-block-image size-large\"><img loading=\"lazy\" decoding=\"async\" width=\"1024\" height=\"215\" data-id=\"5011\" src=\"https:\/\/www.ospodgorje.si\/files\/2024\/10\/SL-Sofinancira-Evropska-unija_POS-1024x215.jpg\" alt=\"\" class=\"wp-image-5011\" srcset=\"https:\/\/www.ospodgorje.si\/files\/2024\/10\/SL-Sofinancira-Evropska-unija_POS-1024x215.jpg 1024w, https:\/\/www.ospodgorje.si\/files\/2024\/10\/SL-Sofinancira-Evropska-unija_POS-300x63.jpg 300w, https:\/\/www.ospodgorje.si\/files\/2024\/10\/SL-Sofinancira-Evropska-unija_POS-768x161.jpg 768w, https:\/\/www.ospodgorje.si\/files\/2024\/10\/SL-Sofinancira-Evropska-unija_POS-1536x322.jpg 1536w, https:\/\/www.ospodgorje.si\/files\/2024\/10\/SL-Sofinancira-Evropska-unija_POS-2048x430.jpg 2048w\" sizes=\"auto, (max-width: 1024px) 100vw, 1024px\" \/><\/figure>\n<\/figure>\n\n\n\n<p>Erasmus+ je program Evropske unije, namenjen spodbujanju mednarodnega sodelovanja na podro\u010dju izobra\u017eevanja, usposabljanja, mladih in \u0161porta. S programom se krepi kakovost izobra\u017eevanja in usposabljanja, hkrati pa tudi socialna kohezija in konkuren\u010dnost gospodarstva. (vir: CMEPIUS, 2024)<\/p>\n\n\n\n<p>Na na\u0161i \u0161oli smo se v program Erasmus+ vklju\u010dili konec novembra 2024. Namen sodelovanja je pribli\u017eati u\u010dencem izkustveno u\u010denje, jih spodbujati k u\u010denju tujih jezikov ter k bolj\u0161emu razumevanju razli\u010dnih kultur in dru\u017ebenih okolij. Posebno pozornost namenjamo razvoju socialnih ve\u0161\u010din in zagotavljanju prilo\u017enosti tudi tistim u\u010dencem, ki imajo sicer manj mo\u017enosti za tovrstne izku\u0161nje.<\/p>\n\n\n\n<p>V projekt je vklju\u010denih ve\u010d partnerskih \u0161ol iz razli\u010dnih dr\u017eav Evropske unije, sodelovanje pa poteka tudi preko eTwinning platforme, kar omogo\u010da vklju\u010ditev \u0161e ve\u010djega \u0161tevila udele\u017eencev. Na mobilnosti se bo v \u010dasu trajanja projekta (do maja 2026) udele\u017eilo 30 u\u010dencev, izbranih na podlagi meril strokovnega kolektiva.<\/p>\n\n\n\n<p>Za nami sta \u017ee dve mobilnosti \u2013 aprila 2025 smo gostovali v Tur\u010diji, maja 2025 pa na \u010ce\u0161kem. Obe izku\u0161nji sta bili za u\u010dence in u\u010ditelje izjemno dragoceni, saj sta prinesli nova znanja, izmenjavo dobrih praks ter medkulturne izku\u0161nje, ki bogatijo na\u0161 vsakdan.<\/p>\n\n\n\n<p>V prihodnje nas \u010daka \u0161e mobilnost v \u0160panijo, novembra 2025 ter nato februarja 2026 mobilnost v Italijo ali Romunijo. Veselimo se novih prilo\u017enosti, ki bodo na\u0161im u\u010dencem odprle poti v \u0161ir\u0161i evropski prostor znanja in sodelovanja.<\/p>\n\n\n\n<p>&nbsp;&nbsp;&nbsp;&nbsp;&nbsp;&nbsp;&nbsp;&nbsp;&nbsp;&nbsp;&nbsp;&nbsp;&nbsp;&nbsp;&nbsp;&nbsp;&nbsp;&nbsp;&nbsp;&nbsp;&nbsp;&nbsp;&nbsp;&nbsp;&nbsp;&nbsp;&nbsp;&nbsp;&nbsp;&nbsp;&nbsp;&nbsp;&nbsp;&nbsp;&nbsp;&nbsp;&nbsp;&nbsp;&nbsp;&nbsp;&nbsp;&nbsp;&nbsp;&nbsp;&nbsp;&nbsp;&nbsp;&nbsp;&nbsp;&nbsp;&nbsp;&nbsp;&nbsp;&nbsp;&nbsp;&nbsp;&nbsp;&nbsp;&nbsp;&nbsp;&nbsp;&nbsp;&nbsp;&nbsp;&nbsp;&nbsp;&nbsp;&nbsp;&nbsp;&nbsp;&nbsp;&nbsp;&nbsp;&nbsp;&nbsp;&nbsp;&nbsp;&nbsp;&nbsp;&nbsp;&nbsp;&nbsp; &nbsp;&nbsp;&nbsp; &nbsp;&nbsp;&nbsp;&nbsp;&nbsp;&nbsp;&nbsp; &nbsp;&nbsp;&nbsp;&nbsp;&nbsp;&nbsp;&nbsp;&nbsp;&nbsp;&nbsp;&nbsp;&nbsp;&nbsp;&nbsp;Koordinatorka projekta: Mateja Keber<\/p>\n","protected":false},"excerpt":{"rendered":"<p>Erasmus+ je program Evropske unije, namenjen spodbujanju mednarodnega sodelovanja na podro\u010dju izobra\u017eevanja, usposabljanja, mladih in \u0161porta. S programom se krepi kakovost izobra\u017eevanja in usposabljanja, hkrati pa tudi socialna kohezija in konkuren\u010dnost gospodarstva. (vir: CMEPIUS,&#46;&#46;&#46;<\/p>\n","protected":false},"author":25249,"featured_media":0,"parent":0,"menu_order":0,"comment_status":"closed","ping_status":"closed","template":"","meta":{"ngg_post_thumbnail":0,"footnotes":""},"class_list":["post-4993","page","type-page","status-publish","hentry"],"_links":{"self":[{"href":"https:\/\/www.ospodgorje.si\/index.php?rest_route=\/wp\/v2\/pages\/4993","targetHints":{"allow":["GET"]}}],"collection":[{"href":"https:\/\/www.ospodgorje.si\/index.php?rest_route=\/wp\/v2\/pages"}],"about":[{"href":"https:\/\/www.ospodgorje.si\/index.php?rest_route=\/wp\/v2\/types\/page"}],"author":[{"embeddable":true,"href":"https:\/\/www.ospodgorje.si\/index.php?rest_route=\/wp\/v2\/users\/25249"}],"replies":[{"embeddable":true,"href":"https:\/\/www.ospodgorje.si\/index.php?rest_route=%2Fwp%2Fv2%2Fcomments&post=4993"}],"version-history":[{"count":4,"href":"https:\/\/www.ospodgorje.si\/index.php?rest_route=\/wp\/v2\/pages\/4993\/revisions"}],"predecessor-version":[{"id":9014,"href":"https:\/\/www.ospodgorje.si\/index.php?rest_route=\/wp\/v2\/pages\/4993\/revisions\/9014"}],"wp:attachment":[{"href":"https:\/\/www.ospodgorje.si\/index.php?rest_route=%2Fwp%2Fv2%2Fmedia&parent=4993"}],"curies":[{"name":"wp","href":"https:\/\/api.w.org\/{rel}","templated":true}]}}