{"id":469,"date":"2020-11-25T15:39:57","date_gmt":"2020-11-25T14:39:57","guid":{"rendered":"http:\/\/podgorjesg.splet.arnes.si\/?page_id=469"},"modified":"2025-10-01T17:25:59","modified_gmt":"2025-10-01T15:25:59","slug":"solska-skupnost","status":"publish","type":"page","link":"https:\/\/www.ospodgorje.si\/?page_id=469","title":{"rendered":"\u0160olska skupnost"},"content":{"rendered":"\n<p>Sestanki \u0161olske skupnosti so najmanj trikrat v \u0161olskem letu. Predstavniki \u0161olske skupnosti se na razrednih urah, med odmori, pogovori in drugje s svojimi so\u0161olci pogovarjajo in razpravljajo o pouku, dejavnostih na \u0161oli ter o stvareh, ki bi jih radi pohvalili, spremenili ali predlagali. Nato predstavniki oddelkov te ideje predstavijo na sestankih \u0161olske skupnosti. Na slednjih povedano ovrednotijo in predlagajo mo\u017ene re\u0161itve.<\/p>\n\n\n\n<p>V \u0161olskem letu 2025\/26 bomo vstopili v 36. leto izvajanja Otro\u0161kih parlamentov. Tema leto\u0161njega leta je \u0160olski sistem. Otro\u0161ki parlament je javna tribuna otrok na temo, ki jo izberejo osnovno\u0161olci na dr\u017eavnem otro\u0161kem parlamentu. Pomeni tudi obliko sodelovanja otrok v dru\u017ebenem dogajanju ter pridobivanje vedenj o \u010dlovekovih in dr\u017eavljanskih pravicah.<\/p>\n\n\n\n<p>Prva stopnja je izvedba \u0161olskega parlamenta na \u0161oli. Nadgradnja tega so ob\u010dinski, regijski ter dr\u017eavni otro\u0161ki parlament.<\/p>\n\n\n\n<p>Mentorica: Tanja Glasen\u010dnik<\/p>\n\n\n\n<p><\/p>\n","protected":false},"excerpt":{"rendered":"<p>Sestanki \u0161olske skupnosti so najmanj trikrat v \u0161olskem letu. Predstavniki \u0161olske skupnosti se na razrednih urah, med odmori, pogovori in drugje s svojimi so\u0161olci pogovarjajo in razpravljajo o pouku, dejavnostih na \u0161oli ter o&#46;&#46;&#46;<\/p>\n","protected":false},"author":25249,"featured_media":0,"parent":0,"menu_order":0,"comment_status":"closed","ping_status":"closed","template":"","meta":{"ngg_post_thumbnail":0,"footnotes":""},"class_list":["post-469","page","type-page","status-publish","hentry"],"_links":{"self":[{"href":"https:\/\/www.ospodgorje.si\/index.php?rest_route=\/wp\/v2\/pages\/469","targetHints":{"allow":["GET"]}}],"collection":[{"href":"https:\/\/www.ospodgorje.si\/index.php?rest_route=\/wp\/v2\/pages"}],"about":[{"href":"https:\/\/www.ospodgorje.si\/index.php?rest_route=\/wp\/v2\/types\/page"}],"author":[{"embeddable":true,"href":"https:\/\/www.ospodgorje.si\/index.php?rest_route=\/wp\/v2\/users\/25249"}],"replies":[{"embeddable":true,"href":"https:\/\/www.ospodgorje.si\/index.php?rest_route=%2Fwp%2Fv2%2Fcomments&post=469"}],"version-history":[{"count":7,"href":"https:\/\/www.ospodgorje.si\/index.php?rest_route=\/wp\/v2\/pages\/469\/revisions"}],"predecessor-version":[{"id":8998,"href":"https:\/\/www.ospodgorje.si\/index.php?rest_route=\/wp\/v2\/pages\/469\/revisions\/8998"}],"wp:attachment":[{"href":"https:\/\/www.ospodgorje.si\/index.php?rest_route=%2Fwp%2Fv2%2Fmedia&parent=469"}],"curies":[{"name":"wp","href":"https:\/\/api.w.org\/{rel}","templated":true}]}}