{"id":467,"date":"2020-11-25T15:39:57","date_gmt":"2020-11-25T14:39:57","guid":{"rendered":"http:\/\/podgorjesg.splet.arnes.si\/?page_id=467"},"modified":"2025-10-01T17:24:24","modified_gmt":"2025-10-01T15:24:24","slug":"knjiznica","status":"publish","type":"page","link":"https:\/\/www.ospodgorje.si\/?page_id=467","title":{"rendered":"Knji\u017enica"},"content":{"rendered":"\n<p>\u0160olska knji\u017enica zagotavlja knji\u017eni\u010dno gradivo u\u010dencem in strokovnim delavcem \u0161ole. Od septembra 2012\u00a0imata knji\u017enica Osnovne \u0161ole Podgorje in\u00a0 \u00a0Knji\u017enica\u00a0Ksaverja Me\u0161ka Slovenj Gradec skupne prostore. Imamo ve\u010dji obseg knji\u017eni\u010dne zbirke. U\u010dencem in delavcem \u0161ole je omogo\u010dena\u00a0rezervacija in\u00a0\u00a0izposoja gradiva tudi\u00a0\u00a0iz drugih enot splo\u0161ne knji\u017enice.<\/p>\n\n\n\n<p>Gradivo za u\u010dence je v prostem pristopu razvr\u0161\u010deno po starostnih stopnjah. Ljudsko slovstvo in leposlovje v tujih jezikih je postavljeno posebej.<\/p>\n\n\n\n<p>Strokovno gradivo je urejeno po sistemu UDK (univerzalna decimalna klasifikacija). Knji\u017enica je lo\u010dena na gradivo za u\u010dence in gradivo za odrasle.<\/p>\n\n\n\n<p>Pristop je prost.<\/p>\n\n\n\n<p>V knji\u017enici oz. v razredu se bodo izvajala knji\u017eni\u010dno informacijska znanja, ki u\u010dence navajajo na samostojno u\u010denje. Spodbujali bomo branje in informacijsko pismenost.<\/p>\n\n\n\n<p>Udele\u017eevali se bomo strokovnih izobra\u017eevanj in tako nadgrajevali svoje strokovno znanje.<\/p>\n\n\n\n<p><strong>ODPIRALNI \u010cASI &#8211; 2025\/26<\/strong><\/p>\n\n\n\n<p><strong>PODGORJE<\/strong><\/p>\n\n\n\n<figure class=\"wp-block-table\"><table class=\"has-fixed-layout\"><tbody><tr><td>PONEDELJEK<\/td><td>8.15-8.30<\/td><\/tr><tr><td>&nbsp;<\/td><td>9.05-9.20<\/td><\/tr><tr><td>&nbsp;<\/td><td>10.15-10.55<\/td><\/tr><tr><td>&nbsp;<\/td><td>&nbsp;<\/td><\/tr><tr><td>TOREK<\/td><td>8.15-9.20<\/td><\/tr><tr><td>&nbsp;<\/td><td>11.05-11.40<\/td><\/tr><tr><td>&nbsp;<\/td><td>&nbsp;<\/td><\/tr><tr><td>SREDA<\/td><td>Knji\u017enica Ksaverja Me\u0161ka<\/td><\/tr><tr><td>&nbsp;<\/td><td>&nbsp;<\/td><\/tr><tr><td>\u010cETRTEK<\/td><td>8.15-8.30<\/td><\/tr><tr><td>&nbsp;<\/td><td>9.05-9.20<\/td><\/tr><tr><td>&nbsp;<\/td><td>10.15-10.55<\/td><\/tr><tr><td>&nbsp;<\/td><td>11.05-11.40<\/td><\/tr><tr><td>&nbsp;<\/td><td>&nbsp;<\/td><\/tr><tr><td>PETEK<\/td><td>7.30-8.15<\/td><\/tr><tr><td>&nbsp;<\/td><td>8.15-8.30<\/td><\/tr><tr><td>&nbsp;<\/td><td>9.05-9.20<\/td><\/tr><tr><td>&nbsp;<\/td><td>10.15-10.55<\/td><\/tr><tr><td>&nbsp;<\/td><td>11.05-11.40<\/td><\/tr><\/tbody><\/table><\/figure>\n\n\n\n<p><strong>RAZBOR<\/strong><\/p>\n\n\n\n<figure class=\"wp-block-table\"><table class=\"has-fixed-layout\"><tbody><tr><td>&nbsp; PONEDELJEK<\/td><td>11.40-12.40<\/td><\/tr><tr><td>TOREK<\/td><td>9.35-9.55  in 10.50-11.35<\/td><\/tr><tr><td>\u010cETRTEK<\/td><td>9.35-10.20<\/td><\/tr><\/tbody><\/table><\/figure>\n\n\n\n<p>Po potrebi po dogovoru s knji\u017eni\u010darko.<\/p>\n\n\n\n<p>V primeru inventure se knji\u017enica za \u010das inventure zapre za izposojo in vra\u010danje gradiva. V zadnjem tednu \u0161olskega leta se knji\u017enica zapre za izposojo zaradi vra\u010danja u\u010dbenikov.<\/p>\n\n\n\n<p><\/p>\n","protected":false},"excerpt":{"rendered":"<p>\u0160olska knji\u017enica zagotavlja knji\u017eni\u010dno gradivo u\u010dencem in strokovnim delavcem \u0161ole. Od septembra 2012\u00a0imata knji\u017enica Osnovne \u0161ole Podgorje in\u00a0 \u00a0Knji\u017enica\u00a0Ksaverja Me\u0161ka Slovenj Gradec skupne prostore. Imamo ve\u010dji obseg knji\u017eni\u010dne zbirke. U\u010dencem in delavcem \u0161ole je&#46;&#46;&#46;<\/p>\n","protected":false},"author":25249,"featured_media":0,"parent":0,"menu_order":0,"comment_status":"closed","ping_status":"closed","template":"","meta":{"ngg_post_thumbnail":0,"footnotes":""},"class_list":["post-467","page","type-page","status-publish","hentry"],"_links":{"self":[{"href":"https:\/\/www.ospodgorje.si\/index.php?rest_route=\/wp\/v2\/pages\/467","targetHints":{"allow":["GET"]}}],"collection":[{"href":"https:\/\/www.ospodgorje.si\/index.php?rest_route=\/wp\/v2\/pages"}],"about":[{"href":"https:\/\/www.ospodgorje.si\/index.php?rest_route=\/wp\/v2\/types\/page"}],"author":[{"embeddable":true,"href":"https:\/\/www.ospodgorje.si\/index.php?rest_route=\/wp\/v2\/users\/25249"}],"replies":[{"embeddable":true,"href":"https:\/\/www.ospodgorje.si\/index.php?rest_route=%2Fwp%2Fv2%2Fcomments&post=467"}],"version-history":[{"count":6,"href":"https:\/\/www.ospodgorje.si\/index.php?rest_route=\/wp\/v2\/pages\/467\/revisions"}],"predecessor-version":[{"id":8997,"href":"https:\/\/www.ospodgorje.si\/index.php?rest_route=\/wp\/v2\/pages\/467\/revisions\/8997"}],"wp:attachment":[{"href":"https:\/\/www.ospodgorje.si\/index.php?rest_route=%2Fwp%2Fv2%2Fmedia&parent=467"}],"curies":[{"name":"wp","href":"https:\/\/api.w.org\/{rel}","templated":true}]}}