{"id":417,"date":"2020-11-25T11:32:16","date_gmt":"2020-11-25T10:32:16","guid":{"rendered":"http:\/\/podgorjesg.splet.arnes.si\/?page_id=417"},"modified":"2025-10-01T17:18:56","modified_gmt":"2025-10-01T15:18:56","slug":"solska-svetovalna","status":"publish","type":"page","link":"https:\/\/www.ospodgorje.si\/?page_id=417","title":{"rendered":"\u0160olska svetovalna"},"content":{"rendered":"\n<p>\u0160olska svetovalna slu\u017eba sodeluje z u\u010denci, star\u0161i, u\u010ditelji, vodstvom \u0161ole in z zunanjimi institucijami pri na\u010drtovanju in spremljanju razvoja \u0161ole in pri izvajanju vzgojno-izobra\u017eevalnega dela.<\/p>\n\n\n\n<p>Delo \u0161olske svetovalne slu\u017ebe opravlja pedagoginja Tanja Glasen\u010dnik.<\/p>\n\n\n\n<p>Govorilne ure za star\u0161e so po predhodnem dogovoru vsak dan med 8. in 12. uro, v popoldanskem \u010dasu po dogovoru oz. v \u010dasu skupnih govorilnih ur.<\/p>\n\n\n\n<p>Svetovalna delavka je dosegljiva tudi na telefonski \u0161tevilki: 041\/840-011 oz. 070\/649-550, interna \u0161tevilka 3, ter preko spletne po\u0161te: <a href=\"mailto:tanja.glasencnik@ospodgorje.si\">tanja.glasencnik@ospodgorje.si<\/a>.<\/p>\n\n\n\n<p>Dodatno strokovno pomo\u010d na \u0161oli izvajata mobilna specialna in rehabilitacijska pedagoginja Katarina Radovi\u010d ter magistrica profesorica inkluzivne pedagogike Tanja Glasen\u010dnik.<\/p>\n\n\n\n<p><\/p>\n\n\n\n<p><\/p>\n","protected":false},"excerpt":{"rendered":"<p>\u0160olska svetovalna slu\u017eba sodeluje z u\u010denci, star\u0161i, u\u010ditelji, vodstvom \u0161ole in z zunanjimi institucijami pri na\u010drtovanju in spremljanju razvoja \u0161ole in pri izvajanju vzgojno-izobra\u017eevalnega dela. Delo \u0161olske svetovalne slu\u017ebe opravlja pedagoginja Tanja Glasen\u010dnik. Govorilne&#46;&#46;&#46;<\/p>\n","protected":false},"author":25249,"featured_media":0,"parent":0,"menu_order":0,"comment_status":"closed","ping_status":"closed","template":"","meta":{"ngg_post_thumbnail":0,"footnotes":""},"class_list":["post-417","page","type-page","status-publish","hentry"],"_links":{"self":[{"href":"https:\/\/www.ospodgorje.si\/index.php?rest_route=\/wp\/v2\/pages\/417","targetHints":{"allow":["GET"]}}],"collection":[{"href":"https:\/\/www.ospodgorje.si\/index.php?rest_route=\/wp\/v2\/pages"}],"about":[{"href":"https:\/\/www.ospodgorje.si\/index.php?rest_route=\/wp\/v2\/types\/page"}],"author":[{"embeddable":true,"href":"https:\/\/www.ospodgorje.si\/index.php?rest_route=\/wp\/v2\/users\/25249"}],"replies":[{"embeddable":true,"href":"https:\/\/www.ospodgorje.si\/index.php?rest_route=%2Fwp%2Fv2%2Fcomments&post=417"}],"version-history":[{"count":5,"href":"https:\/\/www.ospodgorje.si\/index.php?rest_route=\/wp\/v2\/pages\/417\/revisions"}],"predecessor-version":[{"id":8993,"href":"https:\/\/www.ospodgorje.si\/index.php?rest_route=\/wp\/v2\/pages\/417\/revisions\/8993"}],"wp:attachment":[{"href":"https:\/\/www.ospodgorje.si\/index.php?rest_route=%2Fwp%2Fv2%2Fmedia&parent=417"}],"curies":[{"name":"wp","href":"https:\/\/api.w.org\/{rel}","templated":true}]}}