{"id":2155,"date":"2022-03-11T11:14:01","date_gmt":"2022-03-11T10:14:01","guid":{"rendered":"https:\/\/podgorjesg.splet.arnes.si\/?page_id=2155"},"modified":"2022-03-11T11:14:02","modified_gmt":"2022-03-11T10:14:02","slug":"pravila-obnasanja-na-solskih-prevozih","status":"publish","type":"page","link":"https:\/\/www.ospodgorje.si\/?page_id=2155","title":{"rendered":"Pravila obna\u0161anja na \u0161olskih prevozih"},"content":{"rendered":"\n<p>U\u010denci:<\/p>\n\n\n\n<p>\u2022&nbsp;&nbsp;&nbsp; prihajajo na postajali\u0161\u010de vsaj pet minut pred odhodom vozila,<\/p>\n\n\n\n<p>\u2022&nbsp;&nbsp;&nbsp; stojijo na plo\u010dniku ali vsaj tri korake od roba cesti\u0161\u010da oz. postajali\u0161\u010da,<\/p>\n\n\n\n<p>\u2022&nbsp;&nbsp;&nbsp; na postajali\u0161\u010du mirno \u010dakajo in se ne prerivajo,<\/p>\n\n\n\n<p>\u2022&nbsp;&nbsp;&nbsp; ob prihodu vozila po\u010dakajo, da se vozilo ustavi in da voznik odpre vrata ter jim dovoli vstop,<\/p>\n\n\n\n<p>\u2022&nbsp; v vozilo vstopajo mirno in v vrsti ter upo\u0161tevajo pravila bontona (pozdravljanje),<\/p>\n\n\n\n<p>\u2022&nbsp; pazijo, da jim vrata vozila ne priprejo ohlapnih obla\u010dil, torb in drugih predmetov,<\/p>\n\n\n\n<p>\u2022&nbsp; se vedno prepri\u010dajo, da jih voznik vidi in da oni vidijo njega, voznika obvestijo, \u010de jim je kaj padlo na cesti\u0161\u010de, preden sku\u0161ajo to pobrati,<\/p>\n\n\n\n<p>\u2022&nbsp;&nbsp; ne tekajo pred ali za vozilom, po izstopu pa vedno po\u010dakajo, da vozilo odpelje in \u0161ele nato varno nadaljujejo pot,<\/p>\n\n\n\n<p>\u2022&nbsp;&nbsp; u\u010denci 1. razreda \u010dakajo na postajali\u0161\u010du v spremstvu odraslih oz. oseb starej\u0161ih od 10 let, ki jih na izstopni postaji tudi po\u010dakajo.<\/p>\n\n\n\n<p>Obna\u0161anje u\u010dencev, ki se vozijo z avtobusom ali kombiniranim vozilom, med vo\u017enjo.<\/p>\n\n\n\n<p>U\u010denci:<\/p>\n\n\n\n<p>\u2022&nbsp;&nbsp;&nbsp; morajo biti pripeti z varnostnimi pasovi, kjer so ti vgrajeni,<\/p>\n\n\n\n<p>\u2022&nbsp;&nbsp;&nbsp; imajo \u0161olske torbice in druge predmete na kolenih ali na tleh ob nogah,<\/p>\n\n\n\n<p>\u2022&nbsp;&nbsp;&nbsp; morajo sedeti na svojih sede\u017eih, obrnjeni v smer vo\u017enje,<\/p>\n\n\n\n<p>\u2022&nbsp;&nbsp;&nbsp; ne smejo motiti voznika pri vo\u017enji,<\/p>\n\n\n\n<p>\u2022&nbsp;&nbsp;&nbsp; ne smejo stati ali hoditi po premikajo\u010dem se vozilu,<\/p>\n\n\n\n<p>\u2022&nbsp;&nbsp;&nbsp; morajo slediti navodilom voznika,<\/p>\n\n\n\n<p>\u2022&nbsp;&nbsp;&nbsp; ne smejo kri\u010dati ali se prerivati,<\/p>\n\n\n\n<p>\u2022&nbsp;&nbsp;&nbsp; ne smejo piti in jesti.<\/p>\n\n\n\n<p>Vsako namerno povzro\u010deno \u0161kodo na postajali\u0161\u010du ali vozilu so dol\u017eni poravnati star\u0161i.<\/p>\n","protected":false},"excerpt":{"rendered":"<p>U\u010denci: \u2022&nbsp;&nbsp;&nbsp; prihajajo na postajali\u0161\u010de vsaj pet minut pred odhodom vozila, \u2022&nbsp;&nbsp;&nbsp; stojijo na plo\u010dniku ali vsaj tri korake od roba cesti\u0161\u010da oz. postajali\u0161\u010da, \u2022&nbsp;&nbsp;&nbsp; na postajali\u0161\u010du mirno \u010dakajo in se ne prerivajo, \u2022&nbsp;&nbsp;&nbsp;&#46;&#46;&#46;<\/p>\n","protected":false},"author":25249,"featured_media":0,"parent":0,"menu_order":0,"comment_status":"closed","ping_status":"closed","template":"","meta":{"ngg_post_thumbnail":0,"footnotes":""},"class_list":["post-2155","page","type-page","status-publish","hentry"],"_links":{"self":[{"href":"https:\/\/www.ospodgorje.si\/index.php?rest_route=\/wp\/v2\/pages\/2155","targetHints":{"allow":["GET"]}}],"collection":[{"href":"https:\/\/www.ospodgorje.si\/index.php?rest_route=\/wp\/v2\/pages"}],"about":[{"href":"https:\/\/www.ospodgorje.si\/index.php?rest_route=\/wp\/v2\/types\/page"}],"author":[{"embeddable":true,"href":"https:\/\/www.ospodgorje.si\/index.php?rest_route=\/wp\/v2\/users\/25249"}],"replies":[{"embeddable":true,"href":"https:\/\/www.ospodgorje.si\/index.php?rest_route=%2Fwp%2Fv2%2Fcomments&post=2155"}],"version-history":[{"count":1,"href":"https:\/\/www.ospodgorje.si\/index.php?rest_route=\/wp\/v2\/pages\/2155\/revisions"}],"predecessor-version":[{"id":2157,"href":"https:\/\/www.ospodgorje.si\/index.php?rest_route=\/wp\/v2\/pages\/2155\/revisions\/2157"}],"wp:attachment":[{"href":"https:\/\/www.ospodgorje.si\/index.php?rest_route=%2Fwp%2Fv2%2Fmedia&parent=2155"}],"curies":[{"name":"wp","href":"https:\/\/api.w.org\/{rel}","templated":true}]}}