{"id":1635,"date":"2021-09-10T08:10:55","date_gmt":"2021-09-10T06:10:55","guid":{"rendered":"https:\/\/podgorjesg.splet.arnes.si\/?page_id=1635"},"modified":"2021-09-10T18:44:24","modified_gmt":"2021-09-10T16:44:24","slug":"presentation-en-francais","status":"publish","type":"page","link":"https:\/\/www.ospodgorje.si\/?page_id=1635","title":{"rendered":"Pr\u00e9sentation en fran\u00e7ais"},"content":{"rendered":"\n<div class=\"wp-block-image\"><figure class=\"aligncenter is-resized\"><img loading=\"lazy\" decoding=\"async\" src=\"https:\/\/www.ospodgorje.si\/files\/2021\/09\/francais_flag.jpg\" alt=\"This image has an empty alt attribute; its file name is francais_flag.jpg\" width=\"40\" height=\"20\" \/><\/figure><\/div>\n\n\n\n<p>L\u2019\u00e9cole primaire Podgorje pri Slovenj Gradcu est situ\u00e9e dans Podgorje, un des villages proches de Slovenj Gradec une ville importante dans cette r\u00e9gion slov\u00e8ne qui s\u2019appelle Koro\u0161ka (Carinthie). En effet, notre \u00e9cole est compos\u00e9e de trois \u00e9coles, ce qui est repr\u00e9sent\u00e9 aussi par notre symbole \u2013 trois sapins verts au-dessus d\u2019un livre.<\/p>\n\n\n\n<p>Dans l\u2019\u00e9cole centrale il y a 150 \u00e9l\u00e8ves de 6 \u00e0 15 ans et notre programme de neuf ann\u00e9es a lieu dans un endroit tr\u00e8s sympathique.<\/p>\n\n\n\n<p>La deuxi\u00e8me \u00e9cole se situe 12 km de Podgorje, proche d\u2019Ur\u0161lja Gora (1699 m), la montagne la plus c\u00e9l\u00e8bre de notre r\u00e9gion. Cette \u00e9cole s\u2019appelle L\u2019\u00e9cole primaire Razbor et il y en a des classes mixtes parce que moins d\u2019\u00e9l\u00e8ves vivent dans ce village. Leurs maisons \u2013 en majorit\u00e9 des fermes \u2013 sont dispers\u00e9es tout autour de cette r\u00e9gion montagneuse.<br>La troisi\u00e8me \u00e9cole \u2013 L\u2019\u00e9cole primaire \u0160miklav\u017e \u2013 se situe 4 km de Podgorje, au-dessous d\u2019une autre montagne appel\u00e9e Gra\u0161ka Gora. Il y en a deux classes mixtes dans cette \u00e9cole, de la 1\u00e8re \u00e0 la 4\u00e8me.<\/p>\n\n\n\n<p><\/p>\n","protected":false},"excerpt":{"rendered":"<p>L\u2019\u00e9cole primaire Podgorje pri Slovenj Gradcu est situ\u00e9e dans Podgorje, un des villages proches de Slovenj Gradec une ville importante dans cette r\u00e9gion slov\u00e8ne qui s\u2019appelle Koro\u0161ka (Carinthie). En effet, notre \u00e9cole est compos\u00e9e&#46;&#46;&#46;<\/p>\n","protected":false},"author":25249,"featured_media":0,"parent":0,"menu_order":0,"comment_status":"closed","ping_status":"closed","template":"","meta":{"ngg_post_thumbnail":0,"footnotes":""},"class_list":["post-1635","page","type-page","status-publish","hentry"],"_links":{"self":[{"href":"https:\/\/www.ospodgorje.si\/index.php?rest_route=\/wp\/v2\/pages\/1635","targetHints":{"allow":["GET"]}}],"collection":[{"href":"https:\/\/www.ospodgorje.si\/index.php?rest_route=\/wp\/v2\/pages"}],"about":[{"href":"https:\/\/www.ospodgorje.si\/index.php?rest_route=\/wp\/v2\/types\/page"}],"author":[{"embeddable":true,"href":"https:\/\/www.ospodgorje.si\/index.php?rest_route=\/wp\/v2\/users\/25249"}],"replies":[{"embeddable":true,"href":"https:\/\/www.ospodgorje.si\/index.php?rest_route=%2Fwp%2Fv2%2Fcomments&post=1635"}],"version-history":[{"count":5,"href":"https:\/\/www.ospodgorje.si\/index.php?rest_route=\/wp\/v2\/pages\/1635\/revisions"}],"predecessor-version":[{"id":1643,"href":"https:\/\/www.ospodgorje.si\/index.php?rest_route=\/wp\/v2\/pages\/1635\/revisions\/1643"}],"wp:attachment":[{"href":"https:\/\/www.ospodgorje.si\/index.php?rest_route=%2Fwp%2Fv2%2Fmedia&parent=1635"}],"curies":[{"name":"wp","href":"https:\/\/api.w.org\/{rel}","templated":true}]}}