{"id":1487,"date":"2021-07-04T08:55:17","date_gmt":"2021-07-04T06:55:17","guid":{"rendered":"http:\/\/podgorjesg.splet.arnes.si\/?page_id=1487"},"modified":"2025-09-30T08:54:29","modified_gmt":"2025-09-30T06:54:29","slug":"osnovni-podatki-o-soli","status":"publish","type":"page","link":"https:\/\/www.ospodgorje.si\/?page_id=1487","title":{"rendered":"Osnovni podatki o \u0161oli"},"content":{"rendered":"\n<div class=\"wp-block-group\"><div class=\"wp-block-group__inner-container is-layout-flow wp-block-group-is-layout-flow\">\n<div class=\"wp-block-group\"><div class=\"wp-block-group__inner-container is-layout-flow wp-block-group-is-layout-flow\">\n<div class=\"wp-block-group\"><div class=\"wp-block-group__inner-container is-layout-flow wp-block-group-is-layout-flow\">\n<p class=\"has-normal-font-size\"><strong>MATI\u010cNA \u0160OLA<\/strong><\/p>\n\n\n\n<p style=\"font-size:14px\">O\u0160 Podgorje pri Slovenj Gradcu, Podgorje 172, 2381 Podgorje pri Slovenj Gradcu<\/p>\n<\/div><\/div>\n\n\n\n<p style=\"font-size:14px\">Telefon: 070 649 550<br>E-po\u0161ta: projekt3.ossgpo@guest.arnes.si<\/p>\n<\/div><\/div>\n\n\n\n<p style=\"font-size:14px\">Ravnatelj: mag. Aljo\u0161a Lavrin\u0161ek<\/p>\n\n\n\n<p style=\"font-size:14px\">Transakcijski ra\u010dun &#8211; TRR: 01312-6030679659<br>Dav\u010dna \u0161tevilka &#8211; D\u0160: 93058187<br>Mati\u010dna \u0161tevilka: 508 7597 000<\/p>\n<\/div><\/div>\n\n\n\n<div class=\"wp-block-group\"><div class=\"wp-block-group__inner-container is-layout-flow wp-block-group-is-layout-flow\">\n<div class=\"wp-block-group\"><div class=\"wp-block-group__inner-container is-layout-flow wp-block-group-is-layout-flow\">\n<p class=\"has-normal-font-size\"><strong>PODRU\u017dNICA RAZBOR<\/strong><\/p>\n\n\n\n<p style=\"font-size:14px\">Podru\u017eni\u010dna osnovna \u0161ola Razbor, Zgornji Razbor 8, 2381 Podgorje pri Slovenj Gradcu<\/p>\n<\/div><\/div>\n\n\n\n<p style=\"font-size:14px\">Telefon: 070 649 551<br>E-po\u0161ta: projekt3.ossgpo@guest.arnes.si<\/p>\n<\/div><\/div>\n\n\n\n<p style=\"font-size:14px\">Vodja: prof. Andrej Glasen\u010dnik<\/p>\n\n\n\n<div class=\"wp-block-group\"><div class=\"wp-block-group__inner-container is-layout-flow wp-block-group-is-layout-flow\">\n<div class=\"wp-block-group\"><div class=\"wp-block-group__inner-container is-layout-flow wp-block-group-is-layout-flow\">\n<p class=\"has-normal-font-size\"><strong>PODRU\u017dNICA \u0160MIKLAV\u017d<\/strong><\/p>\n\n\n\n<p style=\"font-size:14px\">Podru\u017eni\u010dna osnovna \u0161ola \u0160miklav\u017e, Vodri\u017e 8, 2381 Podgorje pri Slovenj Gradcu<\/p>\n<\/div><\/div>\n\n\n\n<p style=\"font-size:14px\">S 1.9.2025 je za\u010dasno zaprta.<\/p>\n<\/div><\/div>\n\n\n\n<hr class=\"wp-block-separator has-css-opacity\" \/>\n","protected":false},"excerpt":{"rendered":"<p>MATI\u010cNA \u0160OLA O\u0160 Podgorje pri Slovenj Gradcu, Podgorje 172, 2381 Podgorje pri Slovenj Gradcu Telefon: 070 649 550E-po\u0161ta: projekt3.ossgpo@guest.arnes.si Ravnatelj: mag. Aljo\u0161a Lavrin\u0161ek Transakcijski ra\u010dun &#8211; TRR: 01312-6030679659Dav\u010dna \u0161tevilka &#8211; D\u0160: 93058187Mati\u010dna \u0161tevilka: 508&#46;&#46;&#46;<\/p>\n","protected":false},"author":25249,"featured_media":0,"parent":0,"menu_order":0,"comment_status":"closed","ping_status":"closed","template":"","meta":{"ngg_post_thumbnail":0,"footnotes":""},"class_list":["post-1487","page","type-page","status-publish","hentry"],"_links":{"self":[{"href":"https:\/\/www.ospodgorje.si\/index.php?rest_route=\/wp\/v2\/pages\/1487","targetHints":{"allow":["GET"]}}],"collection":[{"href":"https:\/\/www.ospodgorje.si\/index.php?rest_route=\/wp\/v2\/pages"}],"about":[{"href":"https:\/\/www.ospodgorje.si\/index.php?rest_route=\/wp\/v2\/types\/page"}],"author":[{"embeddable":true,"href":"https:\/\/www.ospodgorje.si\/index.php?rest_route=\/wp\/v2\/users\/25249"}],"replies":[{"embeddable":true,"href":"https:\/\/www.ospodgorje.si\/index.php?rest_route=%2Fwp%2Fv2%2Fcomments&post=1487"}],"version-history":[{"count":3,"href":"https:\/\/www.ospodgorje.si\/index.php?rest_route=\/wp\/v2\/pages\/1487\/revisions"}],"predecessor-version":[{"id":8987,"href":"https:\/\/www.ospodgorje.si\/index.php?rest_route=\/wp\/v2\/pages\/1487\/revisions\/8987"}],"wp:attachment":[{"href":"https:\/\/www.ospodgorje.si\/index.php?rest_route=%2Fwp%2Fv2%2Fmedia&parent=1487"}],"curies":[{"name":"wp","href":"https:\/\/api.w.org\/{rel}","templated":true}]}}